{"id":82167,"date":"2014-09-05T00:00:00","date_gmt":"2014-09-04T22:00:00","guid":{"rendered":"http:\/\/se.elementor.scanlux-packaging.com\/se\/butik\/min-konto\/"},"modified":"2022-10-06T06:56:08","modified_gmt":"2022-10-06T04:56:08","slug":"my-account","status":"publish","type":"page","link":"https:\/\/scanlux-packaging.com\/se\/my-account\/","title":{"rendered":"Mitt konto"},"content":{"rendered":"\t\t<div data-elementor-type=\"wp-page\" data-elementor-id=\"82167\" class=\"elementor elementor-82167\" data-elementor-post-type=\"page\">\n\t\t\t\t\t\t<section class=\"elementor-section elementor-top-section elementor-element elementor-element-1ff264ac elementor-section-boxed elementor-section-height-default elementor-section-height-default\" data-id=\"1ff264ac\" data-element_type=\"section\">\n\t\t\t\t\t\t<div class=\"elementor-container elementor-column-gap-default\">\n\t\t\t\t\t<div class=\"elementor-column elementor-col-100 elementor-top-column elementor-element elementor-element-508e9d7a\" data-id=\"508e9d7a\" data-element_type=\"column\">\n\t\t\t<div class=\"elementor-widget-wrap elementor-element-populated\">\n\t\t\t\t\t\t<div class=\"elementor-element elementor-element-6aae5445 elementor-widget elementor-widget-text-editor\" data-id=\"6aae5445\" data-element_type=\"widget\" data-widget_type=\"text-editor.default\">\n\t\t\t\t<div class=\"elementor-widget-container\">\n\t\t\t\t\t\t\t\t\t<div class=\"woocommerce\"><\/div>\r\n\r\n<style>\/*#footer { display:none; }.foot_container { display:none; }*\/<\/style>\t\t\t\t\t\t\t\t<\/div>\n\t\t\t\t<\/div>\n\t\t\t\t\t<\/div>\n\t\t<\/div>\n\t\t\t\t\t<\/div>\n\t\t<\/section>\n\t\t\t\t<\/div>\n\t\t","protected":false},"excerpt":{"rendered":"","protected":false},"author":22852,"featured_media":0,"parent":0,"menu_order":0,"comment_status":"closed","ping_status":"closed","template":"","meta":{"_acf_changed":false,"_relevanssi_hide_post":"","_relevanssi_hide_content":"","_relevanssi_pin_for_all":"","_relevanssi_pin_keywords":"","_relevanssi_unpin_keywords":"","_relevanssi_related_keywords":"","_relevanssi_related_include_ids":"","_relevanssi_related_exclude_ids":"","_relevanssi_related_no_append":"","_relevanssi_related_not_related":"","_relevanssi_related_posts":"","_relevanssi_noindex_reason":"WooCommerce Yoast SEO","footnotes":""},"class_list":["post-82167","page","type-page","status-publish","hentry"],"acf":[],"yoast_head":"<!-- This site is optimized with the Yoast SEO Premium plugin v26.3 (Yoast SEO v26.3) - https:\/\/yoast.com\/wordpress\/plugins\/seo\/ -->\n<title>Mitt konto | Scanlux Packaging<\/title>\n<meta name=\"robots\" content=\"noindex, nofollow\" \/>\n<meta property=\"og:locale\" content=\"sv_SE\" \/>\n<meta property=\"og:type\" content=\"article\" \/>\n<meta property=\"og:title\" content=\"Mitt konto\" \/>\n<meta property=\"og:url\" content=\"https:\/\/scanlux-packaging.com\/se\/my-account\/\" \/>\n<meta property=\"og:site_name\" content=\"Scanlux Packaging\" \/>\n<meta property=\"article:publisher\" content=\"https:\/\/facebook.com\/scanluxse\" \/>\n<meta property=\"article:modified_time\" content=\"2022-10-06T04:56:08+00:00\" \/>\n<meta name=\"twitter:card\" content=\"summary_large_image\" \/>\n<meta name=\"twitter:label1\" content=\"Ber\u00e4knad l\u00e4stid\" \/>\n\t<meta name=\"twitter:data1\" content=\"1 minut\" \/>\n<script type=\"application\/ld+json\" class=\"yoast-schema-graph\">{\"@context\":\"https:\/\/schema.org\",\"@graph\":[{\"@type\":\"WebPage\",\"@id\":\"https:\/\/scanlux-packaging.com\/se\/my-account\/\",\"url\":\"https:\/\/scanlux-packaging.com\/se\/my-account\/\",\"name\":\"Mitt konto | Scanlux Packaging\",\"isPartOf\":{\"@id\":\"https:\/\/scanlux-packaging.com\/se\/#website\"},\"datePublished\":\"2014-09-04T22:00:00+00:00\",\"dateModified\":\"2022-10-06T04:56:08+00:00\",\"breadcrumb\":{\"@id\":\"https:\/\/scanlux-packaging.com\/se\/my-account\/#breadcrumb\"},\"inLanguage\":\"sv-SE\",\"potentialAction\":[{\"@type\":\"ReadAction\",\"target\":[\"https:\/\/scanlux-packaging.com\/se\/my-account\/\"]}]},{\"@type\":\"BreadcrumbList\",\"@id\":\"https:\/\/scanlux-packaging.com\/se\/my-account\/#breadcrumb\",\"itemListElement\":[{\"@type\":\"ListItem\",\"position\":1,\"name\":\"Hem\",\"item\":\"https:\/\/scanlux-packaging.com\/se\/\"},{\"@type\":\"ListItem\",\"position\":2,\"name\":\"Mitt konto\"}]},{\"@type\":\"WebSite\",\"@id\":\"https:\/\/scanlux-packaging.com\/se\/#website\",\"url\":\"https:\/\/scanlux-packaging.com\/se\/\",\"name\":\"Scanlux Packaging\",\"description\":\"Vi designar emballage och inslagning f\u00f6r din butik och webbshop | Skapa merf\u00f6rs\u00e4ljning och st\u00f6rre kundlojalitet med innovativt och h\u00e5llbart emballage.\",\"publisher\":{\"@id\":\"https:\/\/scanlux-packaging.com\/se\/#organization\"},\"potentialAction\":[{\"@type\":\"SearchAction\",\"target\":{\"@type\":\"EntryPoint\",\"urlTemplate\":\"https:\/\/scanlux-packaging.com\/se\/?s={search_term_string}\"},\"query-input\":{\"@type\":\"PropertyValueSpecification\",\"valueRequired\":true,\"valueName\":\"search_term_string\"}}],\"inLanguage\":\"sv-SE\"},{\"@type\":\"Organization\",\"@id\":\"https:\/\/scanlux-packaging.com\/se\/#organization\",\"name\":\"Scanlux Packaging\",\"url\":\"https:\/\/scanlux-packaging.com\/se\/\",\"logo\":{\"@type\":\"ImageObject\",\"inLanguage\":\"sv-SE\",\"@id\":\"https:\/\/scanlux-packaging.com\/se\/#\/schema\/logo\/image\/\",\"url\":\"https:\/\/scanlux-packaging.com\/se\/wp-content\/uploads\/sites\/5\/2016\/09\/SCANLUX_Logo_Blue.png\",\"contentUrl\":\"https:\/\/scanlux-packaging.com\/se\/wp-content\/uploads\/sites\/5\/2016\/09\/SCANLUX_Logo_Blue.png\",\"width\":165,\"height\":39,\"caption\":\"Scanlux Packaging\"},\"image\":{\"@id\":\"https:\/\/scanlux-packaging.com\/se\/#\/schema\/logo\/image\/\"},\"sameAs\":[\"https:\/\/facebook.com\/scanluxse\"]}]}<\/script>\n<!-- \/ Yoast SEO Premium plugin. -->","yoast_head_json":{"title":"Mitt konto | Scanlux Packaging","robots":{"index":"noindex","follow":"nofollow"},"og_locale":"sv_SE","og_type":"article","og_title":"Mitt konto","og_url":"https:\/\/scanlux-packaging.com\/se\/my-account\/","og_site_name":"Scanlux Packaging","article_publisher":"https:\/\/facebook.com\/scanluxse","article_modified_time":"2022-10-06T04:56:08+00:00","twitter_card":"summary_large_image","twitter_misc":{"Ber\u00e4knad l\u00e4stid":"1 minut"},"schema":{"@context":"https:\/\/schema.org","@graph":[{"@type":"WebPage","@id":"https:\/\/scanlux-packaging.com\/se\/my-account\/","url":"https:\/\/scanlux-packaging.com\/se\/my-account\/","name":"Mitt konto | Scanlux Packaging","isPartOf":{"@id":"https:\/\/scanlux-packaging.com\/se\/#website"},"datePublished":"2014-09-04T22:00:00+00:00","dateModified":"2022-10-06T04:56:08+00:00","breadcrumb":{"@id":"https:\/\/scanlux-packaging.com\/se\/my-account\/#breadcrumb"},"inLanguage":"sv-SE","potentialAction":[{"@type":"ReadAction","target":["https:\/\/scanlux-packaging.com\/se\/my-account\/"]}]},{"@type":"BreadcrumbList","@id":"https:\/\/scanlux-packaging.com\/se\/my-account\/#breadcrumb","itemListElement":[{"@type":"ListItem","position":1,"name":"Hem","item":"https:\/\/scanlux-packaging.com\/se\/"},{"@type":"ListItem","position":2,"name":"Mitt konto"}]},{"@type":"WebSite","@id":"https:\/\/scanlux-packaging.com\/se\/#website","url":"https:\/\/scanlux-packaging.com\/se\/","name":"Scanlux Packaging","description":"Vi designar emballage och inslagning f\u00f6r din butik och webbshop | Skapa merf\u00f6rs\u00e4ljning och st\u00f6rre kundlojalitet med innovativt och h\u00e5llbart emballage.","publisher":{"@id":"https:\/\/scanlux-packaging.com\/se\/#organization"},"potentialAction":[{"@type":"SearchAction","target":{"@type":"EntryPoint","urlTemplate":"https:\/\/scanlux-packaging.com\/se\/?s={search_term_string}"},"query-input":{"@type":"PropertyValueSpecification","valueRequired":true,"valueName":"search_term_string"}}],"inLanguage":"sv-SE"},{"@type":"Organization","@id":"https:\/\/scanlux-packaging.com\/se\/#organization","name":"Scanlux Packaging","url":"https:\/\/scanlux-packaging.com\/se\/","logo":{"@type":"ImageObject","inLanguage":"sv-SE","@id":"https:\/\/scanlux-packaging.com\/se\/#\/schema\/logo\/image\/","url":"https:\/\/scanlux-packaging.com\/se\/wp-content\/uploads\/sites\/5\/2016\/09\/SCANLUX_Logo_Blue.png","contentUrl":"https:\/\/scanlux-packaging.com\/se\/wp-content\/uploads\/sites\/5\/2016\/09\/SCANLUX_Logo_Blue.png","width":165,"height":39,"caption":"Scanlux Packaging"},"image":{"@id":"https:\/\/scanlux-packaging.com\/se\/#\/schema\/logo\/image\/"},"sameAs":["https:\/\/facebook.com\/scanluxse"]}]}},"_links":{"self":[{"href":"https:\/\/scanlux-packaging.com\/se\/wp-json\/wp\/v2\/pages\/82167","targetHints":{"allow":["GET"]}}],"collection":[{"href":"https:\/\/scanlux-packaging.com\/se\/wp-json\/wp\/v2\/pages"}],"about":[{"href":"https:\/\/scanlux-packaging.com\/se\/wp-json\/wp\/v2\/types\/page"}],"author":[{"embeddable":true,"href":"https:\/\/scanlux-packaging.com\/se\/wp-json\/wp\/v2\/users\/22852"}],"replies":[{"embeddable":true,"href":"https:\/\/scanlux-packaging.com\/se\/wp-json\/wp\/v2\/comments?post=82167"}],"version-history":[{"count":14,"href":"https:\/\/scanlux-packaging.com\/se\/wp-json\/wp\/v2\/pages\/82167\/revisions"}],"predecessor-version":[{"id":129080,"href":"https:\/\/scanlux-packaging.com\/se\/wp-json\/wp\/v2\/pages\/82167\/revisions\/129080"}],"wp:attachment":[{"href":"https:\/\/scanlux-packaging.com\/se\/wp-json\/wp\/v2\/media?parent=82167"}],"curies":[{"name":"wp","href":"https:\/\/api.w.org\/{rel}","templated":true}]}}