{"id":75297,"date":"2014-09-05T12:08:03","date_gmt":"2014-09-05T10:08:03","guid":{"rendered":"http:\/\/se.elementor.scanlux-packaging.com\/no\/min-konto\/"},"modified":"2026-02-11T10:48:02","modified_gmt":"2026-02-11T09:48:02","slug":"my-account","status":"publish","type":"page","link":"https:\/\/scanlux-packaging.com\/no\/my-account\/","title":{"rendered":"Min konto"},"content":{"rendered":"\t\t<div data-elementor-type=\"wp-page\" data-elementor-id=\"75297\" class=\"elementor elementor-75297\" data-elementor-post-type=\"page\">\n\t\t\t\t\t\t<section class=\"elementor-section elementor-top-section elementor-element elementor-element-8lvuwkn elementor-section-boxed elementor-section-height-default elementor-section-height-default\" data-id=\"8lvuwkn\" data-element_type=\"section\">\n\t\t\t\t\t\t<div class=\"elementor-container elementor-column-gap-default\">\n\t\t\t\t\t<div class=\"elementor-column elementor-col-100 elementor-top-column elementor-element elementor-element-etekmpp8\" data-id=\"etekmpp8\" data-element_type=\"column\">\n\t\t\t<div class=\"elementor-widget-wrap elementor-element-populated\">\n\t\t\t\t\t\t<div class=\"elementor-element elementor-element-uw9il5j3 elementor-widget elementor-widget-text-editor\" data-id=\"uw9il5j3\" data-element_type=\"widget\" data-widget_type=\"text-editor.default\">\n\t\t\t\t<div class=\"elementor-widget-container\">\n\t\t\t\t\t\t\t\t\t<div class=\"woocommerce\"><\/div>\t\t\t\t\t\t\t\t<\/div>\n\t\t\t\t<\/div>\n\t\t\t\t\t<\/div>\n\t\t<\/div>\n\t\t\t\t\t<\/div>\n\t\t<\/section>\n\t\t\t\t<\/div>\n\t\t","protected":false},"excerpt":{"rendered":"<p>[fusion_builder_container hundred_percent=&raquo;no&raquo; equal_height_columns=&raquo;no&raquo; menu_anchor=&raquo;&raquo; hide_on_mobile=&raquo;small-visibility,medium-visibility,large-visibility&raquo; class=&raquo;&raquo; id=&raquo;&raquo; background_color=&raquo;&raquo; background_image=&raquo;&raquo; background_position=&raquo;center center&raquo; background_repeat=&raquo;no-repeat&raquo; fade=&raquo;no&raquo; background_parallax=&raquo;none&raquo; parallax_speed=&raquo;0.3&#8243; video_mp4=&raquo;&raquo; video_webm=&raquo;&raquo; video_ogv=&raquo;&raquo; video_url=&raquo;&raquo; video_aspect_ratio=&raquo;16:9&#8243; video_loop=&raquo;yes&raquo; video_mute=&raquo;yes&raquo; overlay_color=&raquo;&raquo; video_preview_image=&raquo;&raquo; border_size=&raquo;&raquo; border_color=&raquo;&raquo; border_style=&raquo;solid&raquo; padding_top=&raquo;&raquo; padding_bottom=&raquo;&raquo; padding_left=&raquo;&raquo; padding_right=&raquo;&raquo;][fusion_builder_row][fusion_builder_column type=&raquo;1_1&#8243; layout=&raquo;1_1&#8243; background_position=&raquo;left top&raquo; background_color=&raquo;&raquo; border_size=&raquo;&raquo; border_color=&raquo;&raquo; border_style=&raquo;solid&raquo; border_position=&raquo;all&raquo; spacing=&raquo;yes&raquo; background_image=&raquo;&raquo; background_repeat=&raquo;no-repeat&raquo; padding_top=&raquo;&raquo; padding_right=&raquo;&raquo; padding_bottom=&raquo;&raquo; padding_left=&raquo;&raquo; margin_top=&raquo;0px&raquo; margin_bottom=&raquo;0px&raquo; class=&raquo;&raquo; id=&raquo;&raquo; animation_type=&raquo;&raquo; animation_speed=&raquo;0.3&#8243; animation_direction=&raquo;left&raquo; hide_on_mobile=&raquo;small-visibility,medium-visibility,large-visibility&raquo; [&hellip;]<\/p>\n","protected":false},"author":51896,"featured_media":0,"parent":0,"menu_order":0,"comment_status":"closed","ping_status":"closed","template":"","meta":{"_acf_changed":false,"_relevanssi_hide_post":"","_relevanssi_hide_content":"","_relevanssi_pin_for_all":"","_relevanssi_pin_keywords":"","_relevanssi_unpin_keywords":"","_relevanssi_related_keywords":"","_relevanssi_related_include_ids":"","_relevanssi_related_exclude_ids":"","_relevanssi_related_no_append":"","_relevanssi_related_not_related":"","_relevanssi_related_posts":"","_relevanssi_noindex_reason":"WooCommerce Yoast SEO Relevanssi index exclude","footnotes":""},"class_list":["post-75297","page","type-page","status-publish","hentry"],"acf":[],"yoast_head":"<!-- This site is optimized with the Yoast SEO Premium plugin v26.3 (Yoast SEO v26.3) - https:\/\/yoast.com\/wordpress\/plugins\/seo\/ -->\n<title>Min Konto: Log ind her p\u00e5 din personlige webshop hos Scanlux Packaging<\/title>\n<meta name=\"description\" content=\"Solutionkunder hos Scanlux Packaging kan logge ind her p\u00e5 min konto og f\u00e5 adgang til deres personlige webshop.\" \/>\n<meta name=\"robots\" content=\"noindex, follow\" \/>\n<meta property=\"og:locale\" content=\"nb_NO\" \/>\n<meta property=\"og:type\" content=\"article\" \/>\n<meta property=\"og:title\" content=\"Min konto\" \/>\n<meta property=\"og:description\" content=\"Solutionkunder hos Scanlux Packaging kan logge ind her p\u00e5 min konto og f\u00e5 adgang til deres personlige webshop.\" \/>\n<meta property=\"og:url\" content=\"https:\/\/scanlux-packaging.com\/no\/my-account\/\" \/>\n<meta property=\"og:site_name\" content=\"Scanlux Packaging\" \/>\n<meta property=\"article:publisher\" content=\"https:\/\/facebook.com\/scanluxno\" \/>\n<meta property=\"article:modified_time\" content=\"2026-02-11T09:48:02+00:00\" \/>\n<meta name=\"twitter:card\" content=\"summary_large_image\" \/>\n<meta name=\"twitter:label1\" content=\"Ansl. lesetid\" \/>\n\t<meta name=\"twitter:data1\" content=\"1 minutt\" \/>\n<script type=\"application\/ld+json\" class=\"yoast-schema-graph\">{\"@context\":\"https:\/\/schema.org\",\"@graph\":[{\"@type\":\"WebPage\",\"@id\":\"https:\/\/scanlux-packaging.com\/no\/my-account\/\",\"url\":\"https:\/\/scanlux-packaging.com\/no\/my-account\/\",\"name\":\"Min Konto: Log ind her p\u00e5 din personlige webshop hos Scanlux Packaging\",\"isPartOf\":{\"@id\":\"https:\/\/scanlux-packaging.com\/no\/#website\"},\"datePublished\":\"2014-09-05T10:08:03+00:00\",\"dateModified\":\"2026-02-11T09:48:02+00:00\",\"description\":\"Solutionkunder hos Scanlux Packaging kan logge ind her p\u00e5 min konto og f\u00e5 adgang til deres personlige webshop.\",\"breadcrumb\":{\"@id\":\"https:\/\/scanlux-packaging.com\/no\/my-account\/#breadcrumb\"},\"inLanguage\":\"nb-NO\",\"potentialAction\":[{\"@type\":\"ReadAction\",\"target\":[\"https:\/\/scanlux-packaging.com\/no\/my-account\/\"]}]},{\"@type\":\"BreadcrumbList\",\"@id\":\"https:\/\/scanlux-packaging.com\/no\/my-account\/#breadcrumb\",\"itemListElement\":[{\"@type\":\"ListItem\",\"position\":1,\"name\":\"Hjem\",\"item\":\"https:\/\/scanlux-packaging.com\/no\/\"},{\"@type\":\"ListItem\",\"position\":2,\"name\":\"Min konto\"}]},{\"@type\":\"WebSite\",\"@id\":\"https:\/\/scanlux-packaging.com\/no\/#website\",\"url\":\"https:\/\/scanlux-packaging.com\/no\/\",\"name\":\"Scanlux Packaging\",\"description\":\"Vi designer emballasje og innpakning til din butikk og nettbutikk | Skap unike kundeopplevelser med b\u00e6rekraftig og innovativ emballasje og innpakning.\",\"publisher\":{\"@id\":\"https:\/\/scanlux-packaging.com\/no\/#organization\"},\"potentialAction\":[{\"@type\":\"SearchAction\",\"target\":{\"@type\":\"EntryPoint\",\"urlTemplate\":\"https:\/\/scanlux-packaging.com\/no\/?s={search_term_string}\"},\"query-input\":{\"@type\":\"PropertyValueSpecification\",\"valueRequired\":true,\"valueName\":\"search_term_string\"}}],\"inLanguage\":\"nb-NO\"},{\"@type\":\"Organization\",\"@id\":\"https:\/\/scanlux-packaging.com\/no\/#organization\",\"name\":\"Scanlux Packaging\",\"url\":\"https:\/\/scanlux-packaging.com\/no\/\",\"logo\":{\"@type\":\"ImageObject\",\"inLanguage\":\"nb-NO\",\"@id\":\"https:\/\/scanlux-packaging.com\/no\/#\/schema\/logo\/image\/\",\"url\":\"https:\/\/scanlux-packaging.com\/no\/wp-content\/uploads\/sites\/4\/2016\/11\/SCANLUX_Logo_Blue.png\",\"contentUrl\":\"https:\/\/scanlux-packaging.com\/no\/wp-content\/uploads\/sites\/4\/2016\/11\/SCANLUX_Logo_Blue.png\",\"width\":165,\"height\":39,\"caption\":\"Scanlux Packaging\"},\"image\":{\"@id\":\"https:\/\/scanlux-packaging.com\/no\/#\/schema\/logo\/image\/\"},\"sameAs\":[\"https:\/\/facebook.com\/scanluxno\"]}]}<\/script>\n<!-- \/ Yoast SEO Premium plugin. -->","yoast_head_json":{"title":"Min Konto: Log ind her p\u00e5 din personlige webshop hos Scanlux Packaging","description":"Solutionkunder hos Scanlux Packaging kan logge ind her p\u00e5 min konto og f\u00e5 adgang til deres personlige webshop.","robots":{"index":"noindex","follow":"follow"},"og_locale":"nb_NO","og_type":"article","og_title":"Min konto","og_description":"Solutionkunder hos Scanlux Packaging kan logge ind her p\u00e5 min konto og f\u00e5 adgang til deres personlige webshop.","og_url":"https:\/\/scanlux-packaging.com\/no\/my-account\/","og_site_name":"Scanlux Packaging","article_publisher":"https:\/\/facebook.com\/scanluxno","article_modified_time":"2026-02-11T09:48:02+00:00","twitter_card":"summary_large_image","twitter_misc":{"Ansl. lesetid":"1 minutt"},"schema":{"@context":"https:\/\/schema.org","@graph":[{"@type":"WebPage","@id":"https:\/\/scanlux-packaging.com\/no\/my-account\/","url":"https:\/\/scanlux-packaging.com\/no\/my-account\/","name":"Min Konto: Log ind her p\u00e5 din personlige webshop hos Scanlux Packaging","isPartOf":{"@id":"https:\/\/scanlux-packaging.com\/no\/#website"},"datePublished":"2014-09-05T10:08:03+00:00","dateModified":"2026-02-11T09:48:02+00:00","description":"Solutionkunder hos Scanlux Packaging kan logge ind her p\u00e5 min konto og f\u00e5 adgang til deres personlige webshop.","breadcrumb":{"@id":"https:\/\/scanlux-packaging.com\/no\/my-account\/#breadcrumb"},"inLanguage":"nb-NO","potentialAction":[{"@type":"ReadAction","target":["https:\/\/scanlux-packaging.com\/no\/my-account\/"]}]},{"@type":"BreadcrumbList","@id":"https:\/\/scanlux-packaging.com\/no\/my-account\/#breadcrumb","itemListElement":[{"@type":"ListItem","position":1,"name":"Hjem","item":"https:\/\/scanlux-packaging.com\/no\/"},{"@type":"ListItem","position":2,"name":"Min konto"}]},{"@type":"WebSite","@id":"https:\/\/scanlux-packaging.com\/no\/#website","url":"https:\/\/scanlux-packaging.com\/no\/","name":"Scanlux Packaging","description":"Vi designer emballasje og innpakning til din butikk og nettbutikk | Skap unike kundeopplevelser med b\u00e6rekraftig og innovativ emballasje og innpakning.","publisher":{"@id":"https:\/\/scanlux-packaging.com\/no\/#organization"},"potentialAction":[{"@type":"SearchAction","target":{"@type":"EntryPoint","urlTemplate":"https:\/\/scanlux-packaging.com\/no\/?s={search_term_string}"},"query-input":{"@type":"PropertyValueSpecification","valueRequired":true,"valueName":"search_term_string"}}],"inLanguage":"nb-NO"},{"@type":"Organization","@id":"https:\/\/scanlux-packaging.com\/no\/#organization","name":"Scanlux Packaging","url":"https:\/\/scanlux-packaging.com\/no\/","logo":{"@type":"ImageObject","inLanguage":"nb-NO","@id":"https:\/\/scanlux-packaging.com\/no\/#\/schema\/logo\/image\/","url":"https:\/\/scanlux-packaging.com\/no\/wp-content\/uploads\/sites\/4\/2016\/11\/SCANLUX_Logo_Blue.png","contentUrl":"https:\/\/scanlux-packaging.com\/no\/wp-content\/uploads\/sites\/4\/2016\/11\/SCANLUX_Logo_Blue.png","width":165,"height":39,"caption":"Scanlux Packaging"},"image":{"@id":"https:\/\/scanlux-packaging.com\/no\/#\/schema\/logo\/image\/"},"sameAs":["https:\/\/facebook.com\/scanluxno"]}]}},"_links":{"self":[{"href":"https:\/\/scanlux-packaging.com\/no\/wp-json\/wp\/v2\/pages\/75297","targetHints":{"allow":["GET"]}}],"collection":[{"href":"https:\/\/scanlux-packaging.com\/no\/wp-json\/wp\/v2\/pages"}],"about":[{"href":"https:\/\/scanlux-packaging.com\/no\/wp-json\/wp\/v2\/types\/page"}],"author":[{"embeddable":true,"href":"https:\/\/scanlux-packaging.com\/no\/wp-json\/wp\/v2\/users\/51896"}],"replies":[{"embeddable":true,"href":"https:\/\/scanlux-packaging.com\/no\/wp-json\/wp\/v2\/comments?post=75297"}],"version-history":[{"count":9,"href":"https:\/\/scanlux-packaging.com\/no\/wp-json\/wp\/v2\/pages\/75297\/revisions"}],"predecessor-version":[{"id":141905,"href":"https:\/\/scanlux-packaging.com\/no\/wp-json\/wp\/v2\/pages\/75297\/revisions\/141905"}],"wp:attachment":[{"href":"https:\/\/scanlux-packaging.com\/no\/wp-json\/wp\/v2\/media?parent=75297"}],"curies":[{"name":"wp","href":"https:\/\/api.w.org\/{rel}","templated":true}]}}