{"id":2053,"date":"2014-09-05T14:08:03","date_gmt":"2014-09-05T12:08:03","guid":{"rendered":"http:\/\/ftnorth.wpengine.com\/?page_id=9"},"modified":"2022-09-22T11:15:38","modified_gmt":"2022-09-22T09:15:38","slug":"my-account","status":"publish","type":"page","link":"https:\/\/scanlux-packaging.com\/dk\/my-account\/","title":{"rendered":"Min konto"},"content":{"rendered":"\t\t<div data-elementor-type=\"wp-page\" data-elementor-id=\"2053\" class=\"elementor elementor-2053\" data-elementor-post-type=\"page\">\n\t\t\t\t\t\t<section class=\"elementor-section elementor-top-section elementor-element elementor-element-8lvuwkn elementor-section-boxed elementor-section-height-default elementor-section-height-default\" data-id=\"8lvuwkn\" data-element_type=\"section\">\n\t\t\t\t\t\t<div class=\"elementor-container elementor-column-gap-default\">\n\t\t\t\t\t<div class=\"elementor-column elementor-col-100 elementor-top-column elementor-element elementor-element-etekmpp8\" data-id=\"etekmpp8\" data-element_type=\"column\">\n\t\t\t<div class=\"elementor-widget-wrap elementor-element-populated\">\n\t\t\t\t\t\t<div class=\"elementor-element elementor-element-uw9il5j3 elementor-widget elementor-widget-text-editor\" data-id=\"uw9il5j3\" data-element_type=\"widget\" data-widget_type=\"text-editor.default\">\n\t\t\t\t<div class=\"elementor-widget-container\">\n\t\t\t\t\t\t\t\t\t<div class=\"woocommerce\"><\/div>\t\t\t\t\t\t\t\t<\/div>\n\t\t\t\t<\/div>\n\t\t\t\t\t<\/div>\n\t\t<\/div>\n\t\t\t\t\t<\/div>\n\t\t<\/section>\n\t\t\t\t<\/div>\n\t\t","protected":false},"excerpt":{"rendered":"<p>[fusion_builder_container hundred_percent=&#8221;no&#8221; equal_height_columns=&#8221;no&#8221; menu_anchor=&#8221;&#8221; hide_on_mobile=&#8221;small-visibility,medium-visibility,large-visibility&#8221; class=&#8221;&#8221; id=&#8221;&#8221; background_color=&#8221;&#8221; background_image=&#8221;&#8221; background_position=&#8221;center center&#8221; background_repeat=&#8221;no-repeat&#8221; fade=&#8221;no&#8221; background_parallax=&#8221;none&#8221; parallax_speed=&#8221;0.3&#8243; video_mp4=&#8221;&#8221; video_webm=&#8221;&#8221; video_ogv=&#8221;&#8221; video_url=&#8221;&#8221; video_aspect_ratio=&#8221;16:9&#8243; video_loop=&#8221;yes&#8221; video_mute=&#8221;yes&#8221; overlay_color=&#8221;&#8221; video_preview_image=&#8221;&#8221; border_size=&#8221;&#8221; border_color=&#8221;&#8221; border_style=&#8221;solid&#8221; padding_top=&#8221;&#8221; padding_bottom=&#8221;&#8221; padding_left=&#8221;&#8221; padding_right=&#8221;&#8221;][fusion_builder_row][fusion_builder_column type=&#8221;1_1&#8243; layout=&#8221;1_1&#8243; background_position=&#8221;left top&#8221; background_color=&#8221;&#8221; border_size=&#8221;&#8221; border_color=&#8221;&#8221; border_style=&#8221;solid&#8221; border_position=&#8221;all&#8221; spacing=&#8221;yes&#8221; background_image=&#8221;&#8221; background_repeat=&#8221;no-repeat&#8221; padding_top=&#8221;&#8221; padding_right=&#8221;&#8221; padding_bottom=&#8221;&#8221; padding_left=&#8221;&#8221; margin_top=&#8221;0px&#8221; margin_bottom=&#8221;0px&#8221; class=&#8221;&#8221; id=&#8221;&#8221; animation_type=&#8221;&#8221; animation_speed=&#8221;0.3&#8243; animation_direction=&#8221;left&#8221; hide_on_mobile=&#8221;small-visibility,medium-visibility,large-visibility&#8221; [&hellip;]<\/p>\n","protected":false},"author":51896,"featured_media":0,"parent":0,"menu_order":0,"comment_status":"closed","ping_status":"closed","template":"","meta":{"_acf_changed":false,"_relevanssi_hide_post":"","_relevanssi_hide_content":"","_relevanssi_pin_for_all":"","_relevanssi_pin_keywords":"","_relevanssi_unpin_keywords":"","_relevanssi_related_keywords":"","_relevanssi_related_include_ids":"","_relevanssi_related_exclude_ids":"","_relevanssi_related_no_append":"","_relevanssi_related_not_related":"","_relevanssi_related_posts":"","_relevanssi_noindex_reason":"","footnotes":""},"class_list":["post-2053","page","type-page","status-publish","hentry"],"acf":[],"yoast_head":"<!-- This site is optimized with the Yoast SEO Premium plugin v26.3 (Yoast SEO v26.3) - https:\/\/yoast.com\/wordpress\/plugins\/seo\/ -->\n<title>Min Konto: Log ind her p\u00e5 din personlige webshop hos Scanlux Packaging<\/title>\n<meta name=\"description\" content=\"Solutionkunder hos Scanlux Packaging kan logge ind her p\u00e5 min konto og f\u00e5 adgang til deres personlige webshop.\" \/>\n<meta name=\"robots\" content=\"noindex, follow\" \/>\n<meta property=\"og:locale\" content=\"da_DK\" \/>\n<meta property=\"og:type\" content=\"article\" \/>\n<meta property=\"og:title\" content=\"Min konto\" \/>\n<meta property=\"og:description\" content=\"Solutionkunder hos Scanlux Packaging kan logge ind her p\u00e5 min konto og f\u00e5 adgang til deres personlige webshop.\" \/>\n<meta property=\"og:url\" content=\"https:\/\/scanlux-packaging.com\/dk\/my-account\/\" \/>\n<meta property=\"og:site_name\" content=\"Scanlux Packaging\" \/>\n<meta property=\"article:publisher\" content=\"https:\/\/www.facebook.com\/ScanluxDK\" \/>\n<meta property=\"article:modified_time\" content=\"2022-09-22T09:15:38+00:00\" \/>\n<meta name=\"twitter:card\" content=\"summary_large_image\" \/>\n<meta name=\"twitter:label1\" content=\"Estimeret l\u00e6setid\" \/>\n\t<meta name=\"twitter:data1\" content=\"1 minut\" \/>\n<script type=\"application\/ld+json\" class=\"yoast-schema-graph\">{\"@context\":\"https:\/\/schema.org\",\"@graph\":[{\"@type\":\"WebPage\",\"@id\":\"https:\/\/scanlux-packaging.com\/dk\/my-account\/\",\"url\":\"https:\/\/scanlux-packaging.com\/dk\/my-account\/\",\"name\":\"Min Konto: Log ind her p\u00e5 din personlige webshop hos Scanlux Packaging\",\"isPartOf\":{\"@id\":\"https:\/\/scanlux-packaging.com\/dk\/#website\"},\"datePublished\":\"2014-09-05T12:08:03+00:00\",\"dateModified\":\"2022-09-22T09:15:38+00:00\",\"description\":\"Solutionkunder hos Scanlux Packaging kan logge ind her p\u00e5 min konto og f\u00e5 adgang til deres personlige webshop.\",\"breadcrumb\":{\"@id\":\"https:\/\/scanlux-packaging.com\/dk\/my-account\/#breadcrumb\"},\"inLanguage\":\"da-DK\",\"potentialAction\":[{\"@type\":\"ReadAction\",\"target\":[\"https:\/\/scanlux-packaging.com\/dk\/my-account\/\"]}]},{\"@type\":\"BreadcrumbList\",\"@id\":\"https:\/\/scanlux-packaging.com\/dk\/my-account\/#breadcrumb\",\"itemListElement\":[{\"@type\":\"ListItem\",\"position\":1,\"name\":\"Hjem\",\"item\":\"https:\/\/scanlux-packaging.com\/dk\/\"},{\"@type\":\"ListItem\",\"position\":2,\"name\":\"Min konto\"}]},{\"@type\":\"WebSite\",\"@id\":\"https:\/\/scanlux-packaging.com\/dk\/#website\",\"url\":\"https:\/\/scanlux-packaging.com\/dk\/\",\"name\":\"Scanlux Packaging\",\"description\":\"Vi designer emballage og indpakning til din butik og webshop | Skab unikke kundeoplevelser med b\u00e6redygtig og innovativ emballage og indpakning.\",\"publisher\":{\"@id\":\"https:\/\/scanlux-packaging.com\/dk\/#organization\"},\"potentialAction\":[{\"@type\":\"SearchAction\",\"target\":{\"@type\":\"EntryPoint\",\"urlTemplate\":\"https:\/\/scanlux-packaging.com\/dk\/?s={search_term_string}\"},\"query-input\":{\"@type\":\"PropertyValueSpecification\",\"valueRequired\":true,\"valueName\":\"search_term_string\"}}],\"inLanguage\":\"da-DK\"},{\"@type\":\"Organization\",\"@id\":\"https:\/\/scanlux-packaging.com\/dk\/#organization\",\"name\":\"Scanlux Packaging\",\"url\":\"https:\/\/scanlux-packaging.com\/dk\/\",\"logo\":{\"@type\":\"ImageObject\",\"inLanguage\":\"da-DK\",\"@id\":\"https:\/\/scanlux-packaging.com\/dk\/#\/schema\/logo\/image\/\",\"url\":\"https:\/\/scanlux-packaging.com\/dk\/wp-content\/uploads\/sites\/2\/2015\/03\/SCANLUX_Logo_Blue.png\",\"contentUrl\":\"https:\/\/scanlux-packaging.com\/dk\/wp-content\/uploads\/sites\/2\/2015\/03\/SCANLUX_Logo_Blue.png\",\"width\":165,\"height\":39,\"caption\":\"Scanlux Packaging\"},\"image\":{\"@id\":\"https:\/\/scanlux-packaging.com\/dk\/#\/schema\/logo\/image\/\"},\"sameAs\":[\"https:\/\/www.facebook.com\/ScanluxDK\"]}]}<\/script>\n<!-- \/ Yoast SEO Premium plugin. -->","yoast_head_json":{"title":"Min Konto: Log ind her p\u00e5 din personlige webshop hos Scanlux Packaging","description":"Solutionkunder hos Scanlux Packaging kan logge ind her p\u00e5 min konto og f\u00e5 adgang til deres personlige webshop.","robots":{"index":"noindex","follow":"follow"},"og_locale":"da_DK","og_type":"article","og_title":"Min konto","og_description":"Solutionkunder hos Scanlux Packaging kan logge ind her p\u00e5 min konto og f\u00e5 adgang til deres personlige webshop.","og_url":"https:\/\/scanlux-packaging.com\/dk\/my-account\/","og_site_name":"Scanlux Packaging","article_publisher":"https:\/\/www.facebook.com\/ScanluxDK","article_modified_time":"2022-09-22T09:15:38+00:00","twitter_card":"summary_large_image","twitter_misc":{"Estimeret l\u00e6setid":"1 minut"},"schema":{"@context":"https:\/\/schema.org","@graph":[{"@type":"WebPage","@id":"https:\/\/scanlux-packaging.com\/dk\/my-account\/","url":"https:\/\/scanlux-packaging.com\/dk\/my-account\/","name":"Min Konto: Log ind her p\u00e5 din personlige webshop hos Scanlux Packaging","isPartOf":{"@id":"https:\/\/scanlux-packaging.com\/dk\/#website"},"datePublished":"2014-09-05T12:08:03+00:00","dateModified":"2022-09-22T09:15:38+00:00","description":"Solutionkunder hos Scanlux Packaging kan logge ind her p\u00e5 min konto og f\u00e5 adgang til deres personlige webshop.","breadcrumb":{"@id":"https:\/\/scanlux-packaging.com\/dk\/my-account\/#breadcrumb"},"inLanguage":"da-DK","potentialAction":[{"@type":"ReadAction","target":["https:\/\/scanlux-packaging.com\/dk\/my-account\/"]}]},{"@type":"BreadcrumbList","@id":"https:\/\/scanlux-packaging.com\/dk\/my-account\/#breadcrumb","itemListElement":[{"@type":"ListItem","position":1,"name":"Hjem","item":"https:\/\/scanlux-packaging.com\/dk\/"},{"@type":"ListItem","position":2,"name":"Min konto"}]},{"@type":"WebSite","@id":"https:\/\/scanlux-packaging.com\/dk\/#website","url":"https:\/\/scanlux-packaging.com\/dk\/","name":"Scanlux Packaging","description":"Vi designer emballage og indpakning til din butik og webshop | Skab unikke kundeoplevelser med b\u00e6redygtig og innovativ emballage og indpakning.","publisher":{"@id":"https:\/\/scanlux-packaging.com\/dk\/#organization"},"potentialAction":[{"@type":"SearchAction","target":{"@type":"EntryPoint","urlTemplate":"https:\/\/scanlux-packaging.com\/dk\/?s={search_term_string}"},"query-input":{"@type":"PropertyValueSpecification","valueRequired":true,"valueName":"search_term_string"}}],"inLanguage":"da-DK"},{"@type":"Organization","@id":"https:\/\/scanlux-packaging.com\/dk\/#organization","name":"Scanlux Packaging","url":"https:\/\/scanlux-packaging.com\/dk\/","logo":{"@type":"ImageObject","inLanguage":"da-DK","@id":"https:\/\/scanlux-packaging.com\/dk\/#\/schema\/logo\/image\/","url":"https:\/\/scanlux-packaging.com\/dk\/wp-content\/uploads\/sites\/2\/2015\/03\/SCANLUX_Logo_Blue.png","contentUrl":"https:\/\/scanlux-packaging.com\/dk\/wp-content\/uploads\/sites\/2\/2015\/03\/SCANLUX_Logo_Blue.png","width":165,"height":39,"caption":"Scanlux Packaging"},"image":{"@id":"https:\/\/scanlux-packaging.com\/dk\/#\/schema\/logo\/image\/"},"sameAs":["https:\/\/www.facebook.com\/ScanluxDK"]}]}},"_links":{"self":[{"href":"https:\/\/scanlux-packaging.com\/dk\/wp-json\/wp\/v2\/pages\/2053","targetHints":{"allow":["GET"]}}],"collection":[{"href":"https:\/\/scanlux-packaging.com\/dk\/wp-json\/wp\/v2\/pages"}],"about":[{"href":"https:\/\/scanlux-packaging.com\/dk\/wp-json\/wp\/v2\/types\/page"}],"author":[{"embeddable":true,"href":"https:\/\/scanlux-packaging.com\/dk\/wp-json\/wp\/v2\/users\/51896"}],"replies":[{"embeddable":true,"href":"https:\/\/scanlux-packaging.com\/dk\/wp-json\/wp\/v2\/comments?post=2053"}],"version-history":[{"count":1,"href":"https:\/\/scanlux-packaging.com\/dk\/wp-json\/wp\/v2\/pages\/2053\/revisions"}],"predecessor-version":[{"id":176459,"href":"https:\/\/scanlux-packaging.com\/dk\/wp-json\/wp\/v2\/pages\/2053\/revisions\/176459"}],"wp:attachment":[{"href":"https:\/\/scanlux-packaging.com\/dk\/wp-json\/wp\/v2\/media?parent=2053"}],"curies":[{"name":"wp","href":"https:\/\/api.w.org\/{rel}","templated":true}]}}