{"id":2053,"date":"2014-09-05T14:08:03","date_gmt":"2014-09-05T12:08:03","guid":{"rendered":"http:\/\/ftnorth.wpengine.com\/?page_id=9"},"modified":"2022-10-06T07:08:58","modified_gmt":"2022-10-06T05:08:58","slug":"my-account","status":"publish","type":"page","link":"https:\/\/scanlux-packaging.com\/de\/my-account\/","title":{"rendered":"Mein Konto"},"content":{"rendered":"\t\t<div data-elementor-type=\"wp-page\" data-elementor-id=\"2053\" class=\"elementor elementor-2053\" data-elementor-post-type=\"page\">\n\t\t\t\t\t\t<section class=\"elementor-section elementor-top-section elementor-element elementor-element-27154dcf elementor-section-boxed elementor-section-height-default elementor-section-height-default\" data-id=\"27154dcf\" data-element_type=\"section\">\n\t\t\t\t\t\t<div class=\"elementor-container elementor-column-gap-default\">\n\t\t\t\t\t<div class=\"elementor-column elementor-col-100 elementor-top-column elementor-element elementor-element-31d60949\" data-id=\"31d60949\" data-element_type=\"column\">\n\t\t\t<div class=\"elementor-widget-wrap elementor-element-populated\">\n\t\t\t\t\t\t<div class=\"elementor-element elementor-element-7d202299 elementor-widget elementor-widget-text-editor\" data-id=\"7d202299\" data-element_type=\"widget\" data-widget_type=\"text-editor.default\">\n\t\t\t\t<div class=\"elementor-widget-container\">\n\t\t\t\t\t\t\t\t\t<div class=\"woocommerce\"><\/div>\r\n\r\n<style>\/*#footer { display:none; }.foot_container { display:none; }*\/<\/style>\t\t\t\t\t\t\t\t<\/div>\n\t\t\t\t<\/div>\n\t\t\t\t\t<\/div>\n\t\t<\/div>\n\t\t\t\t\t<\/div>\n\t\t<\/section>\n\t\t\t\t<\/div>\n\t\t","protected":false},"excerpt":{"rendered":"","protected":false},"author":51396,"featured_media":0,"parent":0,"menu_order":0,"comment_status":"closed","ping_status":"closed","template":"","meta":{"_acf_changed":false,"_relevanssi_hide_post":"","_relevanssi_hide_content":"","_relevanssi_pin_for_all":"","_relevanssi_pin_keywords":"","_relevanssi_unpin_keywords":"","_relevanssi_related_keywords":"","_relevanssi_related_include_ids":"","_relevanssi_related_exclude_ids":"","_relevanssi_related_no_append":"","_relevanssi_related_not_related":"","_relevanssi_related_posts":"","_relevanssi_noindex_reason":"WooCommerce Yoast SEO","footnotes":""},"class_list":["post-2053","page","type-page","status-publish","hentry"],"acf":[],"yoast_head":"<!-- This site is optimized with the Yoast SEO Premium plugin v26.3 (Yoast SEO v26.3) - https:\/\/yoast.com\/wordpress\/plugins\/seo\/ -->\n<title>Min Konto: Log ind her p\u00e5 din personlige webshop hos Scanlux Packaging<\/title>\n<meta name=\"description\" content=\"Solutionkunder hos Scanlux Packaging kan logge ind her p\u00e5 min konto og f\u00e5 adgang til deres personlige webshop.\" \/>\n<meta name=\"robots\" content=\"noindex, nofollow\" \/>\n<meta property=\"og:locale\" content=\"de_DE\" \/>\n<meta property=\"og:type\" content=\"article\" \/>\n<meta property=\"og:title\" content=\"Mein Konto\" \/>\n<meta property=\"og:description\" content=\"Solutionkunder hos Scanlux Packaging kan logge ind her p\u00e5 min konto og f\u00e5 adgang til deres personlige webshop.\" \/>\n<meta property=\"og:url\" content=\"https:\/\/scanlux-packaging.com\/de\/my-account\/\" \/>\n<meta property=\"og:site_name\" content=\"Scanlux Packaging\" \/>\n<meta property=\"article:publisher\" content=\"https:\/\/facebook.com\/scanlux\" \/>\n<meta property=\"article:modified_time\" content=\"2022-10-06T05:08:58+00:00\" \/>\n<meta name=\"twitter:card\" content=\"summary_large_image\" \/>\n<meta name=\"twitter:label1\" content=\"Gesch\u00e4tzte Lesezeit\" \/>\n\t<meta name=\"twitter:data1\" content=\"1\u00a0Minute\" \/>\n<script type=\"application\/ld+json\" class=\"yoast-schema-graph\">{\"@context\":\"https:\/\/schema.org\",\"@graph\":[{\"@type\":\"WebPage\",\"@id\":\"https:\/\/scanlux-packaging.com\/de\/my-account\/\",\"url\":\"https:\/\/scanlux-packaging.com\/de\/my-account\/\",\"name\":\"Min Konto: Log ind her p\u00e5 din personlige webshop hos Scanlux Packaging\",\"isPartOf\":{\"@id\":\"https:\/\/scanlux-packaging.com\/de\/#website\"},\"datePublished\":\"2014-09-05T12:08:03+00:00\",\"dateModified\":\"2022-10-06T05:08:58+00:00\",\"description\":\"Solutionkunder hos Scanlux Packaging kan logge ind her p\u00e5 min konto og f\u00e5 adgang til deres personlige webshop.\",\"breadcrumb\":{\"@id\":\"https:\/\/scanlux-packaging.com\/de\/my-account\/#breadcrumb\"},\"inLanguage\":\"de\",\"potentialAction\":[{\"@type\":\"ReadAction\",\"target\":[\"https:\/\/scanlux-packaging.com\/de\/my-account\/\"]}]},{\"@type\":\"BreadcrumbList\",\"@id\":\"https:\/\/scanlux-packaging.com\/de\/my-account\/#breadcrumb\",\"itemListElement\":[{\"@type\":\"ListItem\",\"position\":1,\"name\":\"Hjem\",\"item\":\"https:\/\/scanlux-packaging.com\/de\/\"},{\"@type\":\"ListItem\",\"position\":2,\"name\":\"Mein Konto\"}]},{\"@type\":\"WebSite\",\"@id\":\"https:\/\/scanlux-packaging.com\/de\/#website\",\"url\":\"https:\/\/scanlux-packaging.com\/de\/\",\"name\":\"Scanlux Packaging\",\"description\":\"Wir entwerfen Verpackung f\u00fcr Ihr Gesch\u00e4ft und Ihren Webshop | Schaffen Sie mehr Umsatz und eine gr\u00f6\u00dfere Kundentreue mit innovativer und nachhaltiger Verpackung.\",\"publisher\":{\"@id\":\"https:\/\/scanlux-packaging.com\/de\/#organization\"},\"potentialAction\":[{\"@type\":\"SearchAction\",\"target\":{\"@type\":\"EntryPoint\",\"urlTemplate\":\"https:\/\/scanlux-packaging.com\/de\/?s={search_term_string}\"},\"query-input\":{\"@type\":\"PropertyValueSpecification\",\"valueRequired\":true,\"valueName\":\"search_term_string\"}}],\"inLanguage\":\"de\"},{\"@type\":\"Organization\",\"@id\":\"https:\/\/scanlux-packaging.com\/de\/#organization\",\"name\":\"Scanlux Packaging\",\"url\":\"https:\/\/scanlux-packaging.com\/de\/\",\"logo\":{\"@type\":\"ImageObject\",\"inLanguage\":\"de\",\"@id\":\"https:\/\/scanlux-packaging.com\/de\/#\/schema\/logo\/image\/\",\"url\":\"https:\/\/scanlux-packaging.com\/de\/wp-content\/uploads\/sites\/6\/2015\/03\/SCANLUX_Logo_Blue.png\",\"contentUrl\":\"https:\/\/scanlux-packaging.com\/de\/wp-content\/uploads\/sites\/6\/2015\/03\/SCANLUX_Logo_Blue.png\",\"width\":165,\"height\":39,\"caption\":\"Scanlux Packaging\"},\"image\":{\"@id\":\"https:\/\/scanlux-packaging.com\/de\/#\/schema\/logo\/image\/\"},\"sameAs\":[\"https:\/\/facebook.com\/scanlux\"]}]}<\/script>\n<!-- \/ Yoast SEO Premium plugin. -->","yoast_head_json":{"title":"Min Konto: Log ind her p\u00e5 din personlige webshop hos Scanlux Packaging","description":"Solutionkunder hos Scanlux Packaging kan logge ind her p\u00e5 min konto og f\u00e5 adgang til deres personlige webshop.","robots":{"index":"noindex","follow":"nofollow"},"og_locale":"de_DE","og_type":"article","og_title":"Mein Konto","og_description":"Solutionkunder hos Scanlux Packaging kan logge ind her p\u00e5 min konto og f\u00e5 adgang til deres personlige webshop.","og_url":"https:\/\/scanlux-packaging.com\/de\/my-account\/","og_site_name":"Scanlux Packaging","article_publisher":"https:\/\/facebook.com\/scanlux","article_modified_time":"2022-10-06T05:08:58+00:00","twitter_card":"summary_large_image","twitter_misc":{"Gesch\u00e4tzte Lesezeit":"1\u00a0Minute"},"schema":{"@context":"https:\/\/schema.org","@graph":[{"@type":"WebPage","@id":"https:\/\/scanlux-packaging.com\/de\/my-account\/","url":"https:\/\/scanlux-packaging.com\/de\/my-account\/","name":"Min Konto: Log ind her p\u00e5 din personlige webshop hos Scanlux Packaging","isPartOf":{"@id":"https:\/\/scanlux-packaging.com\/de\/#website"},"datePublished":"2014-09-05T12:08:03+00:00","dateModified":"2022-10-06T05:08:58+00:00","description":"Solutionkunder hos Scanlux Packaging kan logge ind her p\u00e5 min konto og f\u00e5 adgang til deres personlige webshop.","breadcrumb":{"@id":"https:\/\/scanlux-packaging.com\/de\/my-account\/#breadcrumb"},"inLanguage":"de","potentialAction":[{"@type":"ReadAction","target":["https:\/\/scanlux-packaging.com\/de\/my-account\/"]}]},{"@type":"BreadcrumbList","@id":"https:\/\/scanlux-packaging.com\/de\/my-account\/#breadcrumb","itemListElement":[{"@type":"ListItem","position":1,"name":"Hjem","item":"https:\/\/scanlux-packaging.com\/de\/"},{"@type":"ListItem","position":2,"name":"Mein Konto"}]},{"@type":"WebSite","@id":"https:\/\/scanlux-packaging.com\/de\/#website","url":"https:\/\/scanlux-packaging.com\/de\/","name":"Scanlux Packaging","description":"Wir entwerfen Verpackung f\u00fcr Ihr Gesch\u00e4ft und Ihren Webshop | Schaffen Sie mehr Umsatz und eine gr\u00f6\u00dfere Kundentreue mit innovativer und nachhaltiger Verpackung.","publisher":{"@id":"https:\/\/scanlux-packaging.com\/de\/#organization"},"potentialAction":[{"@type":"SearchAction","target":{"@type":"EntryPoint","urlTemplate":"https:\/\/scanlux-packaging.com\/de\/?s={search_term_string}"},"query-input":{"@type":"PropertyValueSpecification","valueRequired":true,"valueName":"search_term_string"}}],"inLanguage":"de"},{"@type":"Organization","@id":"https:\/\/scanlux-packaging.com\/de\/#organization","name":"Scanlux Packaging","url":"https:\/\/scanlux-packaging.com\/de\/","logo":{"@type":"ImageObject","inLanguage":"de","@id":"https:\/\/scanlux-packaging.com\/de\/#\/schema\/logo\/image\/","url":"https:\/\/scanlux-packaging.com\/de\/wp-content\/uploads\/sites\/6\/2015\/03\/SCANLUX_Logo_Blue.png","contentUrl":"https:\/\/scanlux-packaging.com\/de\/wp-content\/uploads\/sites\/6\/2015\/03\/SCANLUX_Logo_Blue.png","width":165,"height":39,"caption":"Scanlux Packaging"},"image":{"@id":"https:\/\/scanlux-packaging.com\/de\/#\/schema\/logo\/image\/"},"sameAs":["https:\/\/facebook.com\/scanlux"]}]}},"_links":{"self":[{"href":"https:\/\/scanlux-packaging.com\/de\/wp-json\/wp\/v2\/pages\/2053","targetHints":{"allow":["GET"]}}],"collection":[{"href":"https:\/\/scanlux-packaging.com\/de\/wp-json\/wp\/v2\/pages"}],"about":[{"href":"https:\/\/scanlux-packaging.com\/de\/wp-json\/wp\/v2\/types\/page"}],"author":[{"embeddable":true,"href":"https:\/\/scanlux-packaging.com\/de\/wp-json\/wp\/v2\/users\/51396"}],"replies":[{"embeddable":true,"href":"https:\/\/scanlux-packaging.com\/de\/wp-json\/wp\/v2\/comments?post=2053"}],"version-history":[{"count":10,"href":"https:\/\/scanlux-packaging.com\/de\/wp-json\/wp\/v2\/pages\/2053\/revisions"}],"predecessor-version":[{"id":131804,"href":"https:\/\/scanlux-packaging.com\/de\/wp-json\/wp\/v2\/pages\/2053\/revisions\/131804"}],"wp:attachment":[{"href":"https:\/\/scanlux-packaging.com\/de\/wp-json\/wp\/v2\/media?parent=2053"}],"curies":[{"name":"wp","href":"https:\/\/api.w.org\/{rel}","templated":true}]}}